{"id":403,"date":"2023-10-31T08:24:28","date_gmt":"2023-10-31T08:24:28","guid":{"rendered":"https:\/\/sti-filtration.com\/pneumatic-transport\/"},"modified":"2023-10-31T08:24:28","modified_gmt":"2023-10-31T08:24:28","slug":"pneumatic-transport","status":"publish","type":"page","link":"https:\/\/sti-filtration.com\/en\/pneumatic-transport\/","title":{"rendered":"Pneumatic Transport"},"content":{"rendered":"<section class=\"about\">\n<div class=\"container\">\n<div class=\"row\">\n<div class=\"col-lg-6\">\n                <img decoding=\"async\" src=\"\/wp-content\/uploads\/2023\/11\/transport-pneumatique-sti.jpg\" alt=\"about\" class=\"img-fluid\" width=\"100%\">\n            <\/div>\n<div class=\"col-lg-6\">\n<h3>Pneumatic Transport <\/h3>\n<p>STI has developed pneumatic transport systems using various suction or blowing methods, both in dense and dilute phase, for handling powders and bulk materials.<br \/>\n As a leader in the industry in Tunisia, X offers a complete range of pneumatic transport systems designed to ensure the efficiency and regularity of your product movement. These installations are designed to reduce energy costs and the frequency of maintenance operations while ensuring increased protection and strengthening competitiveness.<br \/>\n STI has developed specific pneumatic transport solutions that combine maximum product protection with minimal transport gas consumption. These systems can handle even abrasive and fragile materials.<br \/>\n Pneumatic transport under pressure operates by exploiting pressure differences. We have highlighted a filtration system aimed at eliminating dust due to overpressure between the airlock and the receiving silo. Pressurized air is the driving force for material movement. This method ensures both efficiency and safety.\n                    <\/p>\n<\/p><\/div>\n<\/p><\/div>\n<div class=\"row section-tow\">\n<div class=\"col-lg-5\">\n<h3>Dilute Phase Pneumatic Transport<\/h3>\n<p>Pneumatic transport allows the transfer of various types of bulk materials, such as dust or granulated products. Transport systems can be made of painted black steel, galvanized steel, or stainless steel.<br \/>\n STI offers pneumatic transport systems for the industry. Competing with bucket elevators, mechanical transport, screw conveyors, and chain conveyors, this technology involves transferring diluted products in the air with various concentrations.<br \/>\n It is essential to calculate the parameters involved in the transfer process to ensure the efficient transport of powders. STI a d\u00e9velopp\u00e9 un syst\u00e8me de dosage permettant de d\u00e9terminer la vitesse de l&#8217;air et la quantit\u00e9 n\u00e9cessaire au dosage.\n                    <\/p>\n<\/p><\/div>\n<div class=\"col-lg-7\">\n                <img decoding=\"async\" src=\"\/wp-content\/uploads\/2023\/11\/transport-pneumatique-phase-diluee.jpg\" alt=\"about\" class=\"img-fluid\" width=\"100%\">\n            <\/div>\n<\/p><\/div>\n<\/p><\/div>\n<\/section>\n<section class=\"counter-one pbmit-bg-color-global\">\n<div class=\"container\">\n<div class=\"pbmit-heading-subheading text-global text-center\">\n<h3>Dense Phase Pneumatic Transport<\/h3>\n<\/p><\/div>\n<\/p><\/div>\n<\/section>\n<section>\n<div class=\"container\">\n<div class=\"appointment-one\">\n<div class=\"row g-0\">\n<div class=\"col-lg-6\">\n<div class=\"appointment-one-img\"><\/div>\n<\/p><\/div>\n<div class=\"col-lg-6\">\n<div class=\"appointment-form\">\n<div class=\"pbmit-heading-subheading text-white\">\n<h2 class=\"pbmit-title\">Operating Principle and Applications<\/h2>\n<\/p><\/div>\n<p> Dense phase pneumatic transfer systems are designed to convey various types of products over distances of up to 250 m, with flow rates exceeding 15 T\/h.<br \/>\n These systems are designed to transfer products at speeds ranging from 1 to 5 m\/s, preserving the integrity of fragile products, reducing installation wear, and minimizing energy consumption.<br \/>\n They are useful for transporting between different production units and storage or filling silos. These pneumatic conveyors include pressurized airlocks, made of black steel or stainless steel, and can be adapted for food applications.\n            <\/p><\/div>\n<\/p><\/div>\n<\/p><\/div>\n<\/div>\n<\/div>\n<\/section>\n<section class=\"service-single-section section-padding content\">\n<div class=\"container\">\n<div class=\"service-single-content\">\n<div class=\"service-single-content\">\n<div class=\"why-choose-section\">\n<div class=\"tab-area\">\n<div class=\"tablinks\">\n<ul>\n<li class=\"active\">\n                                    <a href=\"#tab-1\" data-toggle=\"tab\">Key Advantages of Dense Phase Pneumatic Transport<\/a>\n                                <\/li>\n<li>\n                                    <a href=\"#tab-2\" data-toggle=\"tab\">Each Shipping Cycle Includes the Following Steps. <\/a>\n                                <\/li>\n<li>\n                                    <a href=\"#tab-3\" data-toggle=\"tab\">Each Shipping Cycle Includes the Following Steps<\/a>\n                                <\/li>\n<\/ul><\/div>\n<div class=\"tab-content\">\n<div class=\"tab-pane in active\" id=\"tab-1\">\n<p> \u2022 No dust emission<br \/>\n \u2022 Reduced initial investments<br \/>\n \u2022 Adaptability to complex paths<br \/>\n \u2022 System scalability<br \/>\n \u2022 Flexibility in case of layout changes<br \/>\n \u2022 Product protection against pollution<br \/>\n \u2022 Minimal footprint\n                                                                <\/p>\n<\/p><\/div>\n<div class=\"tab-pane fade\" id=\"tab-2\">\n<p> \u2022 Gravity filling.<br \/>\n \u2022 Transportation (conveying).<br \/>\n \u2022 Product movement through successive plugs.\n                                                            <\/p>\n<\/p><\/div>\n<div class=\"tab-pane fade\" id=\"tab-3\">\n<p> \u2022 Prevention of product damage or alterations.<br \/>\n \u2022 Low energy consumption.\n                                                            <\/p>\n<\/p><\/div>\n<\/p><\/div>\n<\/p><\/div>\n<\/p><\/div>\n<\/p><\/div>\n<\/p><\/div>\n<\/p><\/div>\n<\/section>\n","protected":false},"excerpt":{"rendered":"<p>Pneumatic Transport STI has developed pneumatic transport systems using various suction or blowing methods, both in dense and dilute phase, for handling powders and bulk materials. As a leader in the industry in Tunisia, X offers a complete range of pneumatic transport systems designed to ensure the efficiency and regularity of your product movement. These [&hellip;]<\/p>\n","protected":false},"author":1,"featured_media":365,"parent":0,"menu_order":0,"comment_status":"closed","ping_status":"closed","template":"","meta":{"_acf_changed":false,"footnotes":""},"acf":[],"yoast_head":"<!-- This site is optimized with the Yoast SEO plugin v22.8 - https:\/\/yoast.com\/wordpress\/plugins\/seo\/ -->\n<title>Pneumatic Transport - STI industrie<\/title>\n<meta name=\"robots\" content=\"index, follow, max-snippet:-1, max-image-preview:large, max-video-preview:-1\" \/>\n<link rel=\"canonical\" href=\"https:\/\/sti-filtration.com\/transport-pneumatique\/\" \/>\n<meta property=\"og:locale\" content=\"en_US\" \/>\n<meta property=\"og:type\" content=\"article\" \/>\n<meta property=\"og:title\" content=\"Pneumatic Transport - STI industrie\" \/>\n<meta property=\"og:description\" content=\"Pneumatic Transport STI has developed pneumatic transport systems using various suction or blowing methods, both in dense and dilute phase, for handling powders and bulk materials. As a leader in the industry in Tunisia, X offers a complete range of pneumatic transport systems designed to ensure the efficiency and regularity of your product movement. These [&hellip;]\" \/>\n<meta property=\"og:url\" content=\"https:\/\/sti-filtration.com\/transport-pneumatique\/\" \/>\n<meta property=\"og:site_name\" content=\"STI industrie\" \/>\n<meta property=\"article:publisher\" content=\"https:\/\/www.facebook.com\/sti.tunisie\/\" \/>\n<meta property=\"og:image\" content=\"https:\/\/sti-filtration.com\/wp-content\/uploads\/2023\/10\/industrial-engineer3-1.jpg\" \/>\n\t<meta property=\"og:image:width\" content=\"1920\" \/>\n\t<meta property=\"og:image:height\" content=\"644\" \/>\n\t<meta property=\"og:image:type\" content=\"image\/jpeg\" \/>\n<meta name=\"twitter:card\" content=\"summary_large_image\" \/>\n<meta name=\"twitter:label1\" content=\"Est. reading time\" \/>\n\t<meta name=\"twitter:data1\" content=\"2 minutes\" \/>\n<script type=\"application\/ld+json\" class=\"yoast-schema-graph\">{\"@context\":\"https:\/\/schema.org\",\"@graph\":[{\"@type\":\"WebPage\",\"@id\":\"https:\/\/sti-filtration.com\/transport-pneumatique\/\",\"url\":\"https:\/\/sti-filtration.com\/transport-pneumatique\/\",\"name\":\"Pneumatic Transport - STI industrie\",\"isPartOf\":{\"@id\":\"https:\/\/sti-filtration.com\/#website\"},\"primaryImageOfPage\":{\"@id\":\"https:\/\/sti-filtration.com\/transport-pneumatique\/#primaryimage\"},\"image\":{\"@id\":\"https:\/\/sti-filtration.com\/transport-pneumatique\/#primaryimage\"},\"thumbnailUrl\":\"https:\/\/sti-filtration.com\/wp-content\/uploads\/2023\/10\/industrial-engineer3-1.jpg\",\"datePublished\":\"2023-10-31T08:24:28+00:00\",\"dateModified\":\"2023-10-31T08:24:28+00:00\",\"breadcrumb\":{\"@id\":\"https:\/\/sti-filtration.com\/transport-pneumatique\/#breadcrumb\"},\"inLanguage\":\"en-US\",\"potentialAction\":[{\"@type\":\"ReadAction\",\"target\":[\"https:\/\/sti-filtration.com\/transport-pneumatique\/\"]}]},{\"@type\":\"ImageObject\",\"inLanguage\":\"en-US\",\"@id\":\"https:\/\/sti-filtration.com\/transport-pneumatique\/#primaryimage\",\"url\":\"https:\/\/sti-filtration.com\/wp-content\/uploads\/2023\/10\/industrial-engineer3-1.jpg\",\"contentUrl\":\"https:\/\/sti-filtration.com\/wp-content\/uploads\/2023\/10\/industrial-engineer3-1.jpg\",\"width\":1920,\"height\":644},{\"@type\":\"BreadcrumbList\",\"@id\":\"https:\/\/sti-filtration.com\/transport-pneumatique\/#breadcrumb\",\"itemListElement\":[{\"@type\":\"ListItem\",\"position\":1,\"name\":\"Accueil\",\"item\":\"https:\/\/sti-filtration.com\/\"},{\"@type\":\"ListItem\",\"position\":2,\"name\":\"Pneumatic Transport\"}]},{\"@type\":\"WebSite\",\"@id\":\"https:\/\/sti-filtration.com\/#website\",\"url\":\"https:\/\/sti-filtration.com\/\",\"name\":\"Sti Filtration\",\"description\":\"\",\"publisher\":{\"@id\":\"https:\/\/sti-filtration.com\/#organization\"},\"alternateName\":\"STI\",\"potentialAction\":[{\"@type\":\"SearchAction\",\"target\":{\"@type\":\"EntryPoint\",\"urlTemplate\":\"https:\/\/sti-filtration.com\/?s={search_term_string}\"},\"query-input\":\"required name=search_term_string\"}],\"inLanguage\":\"en-US\"},{\"@type\":\"Organization\",\"@id\":\"https:\/\/sti-filtration.com\/#organization\",\"name\":\"Sti Filtration\",\"url\":\"https:\/\/sti-filtration.com\/\",\"logo\":{\"@type\":\"ImageObject\",\"inLanguage\":\"en-US\",\"@id\":\"https:\/\/sti-filtration.com\/#\/schema\/logo\/image\/\",\"url\":\"https:\/\/sti-filtration.com\/wp-content\/uploads\/2024\/03\/sigle-STI.jpg\",\"contentUrl\":\"https:\/\/sti-filtration.com\/wp-content\/uploads\/2024\/03\/sigle-STI.jpg\",\"width\":618,\"height\":206,\"caption\":\"Sti Filtration\"},\"image\":{\"@id\":\"https:\/\/sti-filtration.com\/#\/schema\/logo\/image\/\"},\"sameAs\":[\"https:\/\/www.facebook.com\/sti.tunisie\/\",\"https:\/\/www.linkedin.com\/company\/sti-filtration\/about\/\"]}]}<\/script>\n<!-- \/ Yoast SEO plugin. -->","yoast_head_json":{"title":"Pneumatic Transport - STI industrie","robots":{"index":"index","follow":"follow","max-snippet":"max-snippet:-1","max-image-preview":"max-image-preview:large","max-video-preview":"max-video-preview:-1"},"canonical":"https:\/\/sti-filtration.com\/transport-pneumatique\/","og_locale":"en_US","og_type":"article","og_title":"Pneumatic Transport - STI industrie","og_description":"Pneumatic Transport STI has developed pneumatic transport systems using various suction or blowing methods, both in dense and dilute phase, for handling powders and bulk materials. As a leader in the industry in Tunisia, X offers a complete range of pneumatic transport systems designed to ensure the efficiency and regularity of your product movement. These [&hellip;]","og_url":"https:\/\/sti-filtration.com\/transport-pneumatique\/","og_site_name":"STI industrie","article_publisher":"https:\/\/www.facebook.com\/sti.tunisie\/","og_image":[{"width":1920,"height":644,"url":"https:\/\/sti-filtration.com\/wp-content\/uploads\/2023\/10\/industrial-engineer3-1.jpg","type":"image\/jpeg"}],"twitter_card":"summary_large_image","twitter_misc":{"Est. reading time":"2 minutes"},"schema":{"@context":"https:\/\/schema.org","@graph":[{"@type":"WebPage","@id":"https:\/\/sti-filtration.com\/transport-pneumatique\/","url":"https:\/\/sti-filtration.com\/transport-pneumatique\/","name":"Pneumatic Transport - STI industrie","isPartOf":{"@id":"https:\/\/sti-filtration.com\/#website"},"primaryImageOfPage":{"@id":"https:\/\/sti-filtration.com\/transport-pneumatique\/#primaryimage"},"image":{"@id":"https:\/\/sti-filtration.com\/transport-pneumatique\/#primaryimage"},"thumbnailUrl":"https:\/\/sti-filtration.com\/wp-content\/uploads\/2023\/10\/industrial-engineer3-1.jpg","datePublished":"2023-10-31T08:24:28+00:00","dateModified":"2023-10-31T08:24:28+00:00","breadcrumb":{"@id":"https:\/\/sti-filtration.com\/transport-pneumatique\/#breadcrumb"},"inLanguage":"en-US","potentialAction":[{"@type":"ReadAction","target":["https:\/\/sti-filtration.com\/transport-pneumatique\/"]}]},{"@type":"ImageObject","inLanguage":"en-US","@id":"https:\/\/sti-filtration.com\/transport-pneumatique\/#primaryimage","url":"https:\/\/sti-filtration.com\/wp-content\/uploads\/2023\/10\/industrial-engineer3-1.jpg","contentUrl":"https:\/\/sti-filtration.com\/wp-content\/uploads\/2023\/10\/industrial-engineer3-1.jpg","width":1920,"height":644},{"@type":"BreadcrumbList","@id":"https:\/\/sti-filtration.com\/transport-pneumatique\/#breadcrumb","itemListElement":[{"@type":"ListItem","position":1,"name":"Accueil","item":"https:\/\/sti-filtration.com\/"},{"@type":"ListItem","position":2,"name":"Pneumatic Transport"}]},{"@type":"WebSite","@id":"https:\/\/sti-filtration.com\/#website","url":"https:\/\/sti-filtration.com\/","name":"Sti Filtration","description":"","publisher":{"@id":"https:\/\/sti-filtration.com\/#organization"},"alternateName":"STI","potentialAction":[{"@type":"SearchAction","target":{"@type":"EntryPoint","urlTemplate":"https:\/\/sti-filtration.com\/?s={search_term_string}"},"query-input":"required name=search_term_string"}],"inLanguage":"en-US"},{"@type":"Organization","@id":"https:\/\/sti-filtration.com\/#organization","name":"Sti Filtration","url":"https:\/\/sti-filtration.com\/","logo":{"@type":"ImageObject","inLanguage":"en-US","@id":"https:\/\/sti-filtration.com\/#\/schema\/logo\/image\/","url":"https:\/\/sti-filtration.com\/wp-content\/uploads\/2024\/03\/sigle-STI.jpg","contentUrl":"https:\/\/sti-filtration.com\/wp-content\/uploads\/2024\/03\/sigle-STI.jpg","width":618,"height":206,"caption":"Sti Filtration"},"image":{"@id":"https:\/\/sti-filtration.com\/#\/schema\/logo\/image\/"},"sameAs":["https:\/\/www.facebook.com\/sti.tunisie\/","https:\/\/www.linkedin.com\/company\/sti-filtration\/about\/"]}]}},"_links":{"self":[{"href":"https:\/\/sti-filtration.com\/en\/wp-json\/wp\/v2\/pages\/403"}],"collection":[{"href":"https:\/\/sti-filtration.com\/en\/wp-json\/wp\/v2\/pages"}],"about":[{"href":"https:\/\/sti-filtration.com\/en\/wp-json\/wp\/v2\/types\/page"}],"author":[{"embeddable":true,"href":"https:\/\/sti-filtration.com\/en\/wp-json\/wp\/v2\/users\/1"}],"replies":[{"embeddable":true,"href":"https:\/\/sti-filtration.com\/en\/wp-json\/wp\/v2\/comments?post=403"}],"version-history":[{"count":0,"href":"https:\/\/sti-filtration.com\/en\/wp-json\/wp\/v2\/pages\/403\/revisions"}],"wp:featuredmedia":[{"embeddable":true,"href":"https:\/\/sti-filtration.com\/en\/wp-json\/wp\/v2\/media\/365"}],"wp:attachment":[{"href":"https:\/\/sti-filtration.com\/en\/wp-json\/wp\/v2\/media?parent=403"}],"curies":[{"name":"wp","href":"https:\/\/api.w.org\/{rel}","templated":true}]}}