{"id":424,"date":"2023-10-27T10:08:15","date_gmt":"2023-10-27T10:08:15","guid":{"rendered":"https:\/\/sti-filtration.com\/cooling-ventilation\/"},"modified":"2023-12-07T10:51:31","modified_gmt":"2023-12-07T10:51:31","slug":"cooling-ventilation","status":"publish","type":"page","link":"https:\/\/sti-filtration.com\/en\/industrial-ventilation\/cooling-ventilation\/","title":{"rendered":"Cooling Ventilation"},"content":{"rendered":"<section class=\"about\">\n<div class=\"container\">\n<div class=\"heading text-center\">\n<h2>Cooling Ventilation<\/h2>\n<p>Contrary to a widespread misconception, a fan does not cool the ambient air; it simply generates an airflow. Due to the energy consumption of its motor, it even emits a certain degree of heat into the spaces.<br \/>\nThat&#8217;s why its use can be limited. Thus, STI provides you with more effective cooling solutions, ensuring optimal results while controlling costs.<br \/>\nIn recent years, STI has developed various methods and air treatment functions, including cooling, purification, misting, humidification, and heating systems.<br \/>\nThere are situations where the use of conventional air conditioners is limited due to the volume of the premises or the resulting high energy consumption.\n<\/p>\n<\/p><\/div>\n<div class=\"row\">\n<div class=\"col-lg-6\">\n                <img decoding=\"async\" src=\"\/wp-content\/uploads\/2023\/10\/ventilation-generale-atelier.jpg\" alt=\"about\" class=\"img-fluid\" width=\"100%\">\n            <\/div>\n<div class=\"col-lg-6\">\n<h3>Cooling ventilation services<\/h3>\n<p>We offer cooling ventilation services, allowing you to reduce the temperature of your workshops by 6 to 8 \u00b0C through simple and cost-effective solutions. Evaporative air conditioning not only lowers the temperature but also stabilizes the humidity of the facility.<\/p>\n<h4 class=\"sublist\">Benefits of Cooling Ventilation<\/h4>\n<ul class=\"list\">\n<li>Improved comfort for operators<\/li>\n<li>Constant sensation of fresh air renewal<\/li>\n<li>Low water and electricity consumption<\/li>\n<li>Grande efficacit\u00e9 \u00e9nerg\u00e9tique<\/li>\n<\/ul>\n<\/p><\/div>\n<\/p><\/div>\n<\/p><\/div>\n<\/section>\n","protected":false},"excerpt":{"rendered":"<p>Cooling Ventilation Contrary to a widespread misconception, a fan does not cool the ambient air; it simply generates an airflow. Due to the energy consumption of its motor, it even emits a certain degree of heat into the spaces. That&#8217;s why its use can be limited. Thus, STI provides you with more effective cooling solutions, [&hellip;]<\/p>\n","protected":false},"author":1,"featured_media":354,"parent":397,"menu_order":0,"comment_status":"closed","ping_status":"closed","template":"","meta":{"_acf_changed":false,"footnotes":""},"acf":[],"yoast_head":"<!-- This site is optimized with the Yoast SEO plugin v22.8 - https:\/\/yoast.com\/wordpress\/plugins\/seo\/ -->\n<title>Cooling Ventilation - STI industrie<\/title>\n<meta name=\"robots\" content=\"index, follow, max-snippet:-1, max-image-preview:large, max-video-preview:-1\" \/>\n<link rel=\"canonical\" href=\"https:\/\/sti-filtration.com\/ventilation-industrielle\/ventilation-rafraichie-2\/\" \/>\n<meta property=\"og:locale\" content=\"en_US\" \/>\n<meta property=\"og:type\" content=\"article\" \/>\n<meta property=\"og:title\" content=\"Cooling Ventilation - STI industrie\" \/>\n<meta property=\"og:description\" content=\"Cooling Ventilation Contrary to a widespread misconception, a fan does not cool the ambient air; it simply generates an airflow. Due to the energy consumption of its motor, it even emits a certain degree of heat into the spaces. That&#8217;s why its use can be limited. Thus, STI provides you with more effective cooling solutions, [&hellip;]\" \/>\n<meta property=\"og:url\" content=\"https:\/\/sti-filtration.com\/ventilation-industrielle\/ventilation-rafraichie-2\/\" \/>\n<meta property=\"og:site_name\" content=\"STI industrie\" \/>\n<meta property=\"article:publisher\" content=\"https:\/\/www.facebook.com\/sti.tunisie\/\" \/>\n<meta property=\"article:modified_time\" content=\"2023-12-07T10:51:31+00:00\" \/>\n<meta property=\"og:image\" content=\"https:\/\/sti-filtration.com\/wp-content\/uploads\/2023\/10\/industrial-engineer3.jpg\" \/>\n\t<meta property=\"og:image:width\" content=\"1920\" \/>\n\t<meta property=\"og:image:height\" content=\"644\" \/>\n\t<meta property=\"og:image:type\" content=\"image\/jpeg\" \/>\n<meta name=\"twitter:card\" content=\"summary_large_image\" \/>\n<meta name=\"twitter:label1\" content=\"Est. reading time\" \/>\n\t<meta name=\"twitter:data1\" content=\"1 minute\" \/>\n<script type=\"application\/ld+json\" class=\"yoast-schema-graph\">{\"@context\":\"https:\/\/schema.org\",\"@graph\":[{\"@type\":\"WebPage\",\"@id\":\"https:\/\/sti-filtration.com\/ventilation-industrielle\/ventilation-rafraichie-2\/\",\"url\":\"https:\/\/sti-filtration.com\/ventilation-industrielle\/ventilation-rafraichie-2\/\",\"name\":\"Cooling Ventilation - STI industrie\",\"isPartOf\":{\"@id\":\"https:\/\/sti-filtration.com\/#website\"},\"primaryImageOfPage\":{\"@id\":\"https:\/\/sti-filtration.com\/ventilation-industrielle\/ventilation-rafraichie-2\/#primaryimage\"},\"image\":{\"@id\":\"https:\/\/sti-filtration.com\/ventilation-industrielle\/ventilation-rafraichie-2\/#primaryimage\"},\"thumbnailUrl\":\"https:\/\/sti-filtration.com\/wp-content\/uploads\/2023\/10\/industrial-engineer3.jpg\",\"datePublished\":\"2023-10-27T10:08:15+00:00\",\"dateModified\":\"2023-12-07T10:51:31+00:00\",\"breadcrumb\":{\"@id\":\"https:\/\/sti-filtration.com\/ventilation-industrielle\/ventilation-rafraichie-2\/#breadcrumb\"},\"inLanguage\":\"en-US\",\"potentialAction\":[{\"@type\":\"ReadAction\",\"target\":[\"https:\/\/sti-filtration.com\/ventilation-industrielle\/ventilation-rafraichie-2\/\"]}]},{\"@type\":\"ImageObject\",\"inLanguage\":\"en-US\",\"@id\":\"https:\/\/sti-filtration.com\/ventilation-industrielle\/ventilation-rafraichie-2\/#primaryimage\",\"url\":\"https:\/\/sti-filtration.com\/wp-content\/uploads\/2023\/10\/industrial-engineer3.jpg\",\"contentUrl\":\"https:\/\/sti-filtration.com\/wp-content\/uploads\/2023\/10\/industrial-engineer3.jpg\",\"width\":1920,\"height\":644},{\"@type\":\"BreadcrumbList\",\"@id\":\"https:\/\/sti-filtration.com\/ventilation-industrielle\/ventilation-rafraichie-2\/#breadcrumb\",\"itemListElement\":[{\"@type\":\"ListItem\",\"position\":1,\"name\":\"Accueil\",\"item\":\"https:\/\/sti-filtration.com\/\"},{\"@type\":\"ListItem\",\"position\":2,\"name\":\"Industrial Ventilation\",\"item\":\"https:\/\/sti-filtration.com\/ventilation-industrielle\/\"},{\"@type\":\"ListItem\",\"position\":3,\"name\":\"Cooling Ventilation\"}]},{\"@type\":\"WebSite\",\"@id\":\"https:\/\/sti-filtration.com\/#website\",\"url\":\"https:\/\/sti-filtration.com\/\",\"name\":\"Sti Filtration\",\"description\":\"\",\"publisher\":{\"@id\":\"https:\/\/sti-filtration.com\/#organization\"},\"alternateName\":\"STI\",\"potentialAction\":[{\"@type\":\"SearchAction\",\"target\":{\"@type\":\"EntryPoint\",\"urlTemplate\":\"https:\/\/sti-filtration.com\/?s={search_term_string}\"},\"query-input\":\"required name=search_term_string\"}],\"inLanguage\":\"en-US\"},{\"@type\":\"Organization\",\"@id\":\"https:\/\/sti-filtration.com\/#organization\",\"name\":\"Sti Filtration\",\"url\":\"https:\/\/sti-filtration.com\/\",\"logo\":{\"@type\":\"ImageObject\",\"inLanguage\":\"en-US\",\"@id\":\"https:\/\/sti-filtration.com\/#\/schema\/logo\/image\/\",\"url\":\"https:\/\/sti-filtration.com\/wp-content\/uploads\/2024\/03\/sigle-STI.jpg\",\"contentUrl\":\"https:\/\/sti-filtration.com\/wp-content\/uploads\/2024\/03\/sigle-STI.jpg\",\"width\":618,\"height\":206,\"caption\":\"Sti Filtration\"},\"image\":{\"@id\":\"https:\/\/sti-filtration.com\/#\/schema\/logo\/image\/\"},\"sameAs\":[\"https:\/\/www.facebook.com\/sti.tunisie\/\",\"https:\/\/www.linkedin.com\/company\/sti-filtration\/about\/\"]}]}<\/script>\n<!-- \/ Yoast SEO plugin. -->","yoast_head_json":{"title":"Cooling Ventilation - STI industrie","robots":{"index":"index","follow":"follow","max-snippet":"max-snippet:-1","max-image-preview":"max-image-preview:large","max-video-preview":"max-video-preview:-1"},"canonical":"https:\/\/sti-filtration.com\/ventilation-industrielle\/ventilation-rafraichie-2\/","og_locale":"en_US","og_type":"article","og_title":"Cooling Ventilation - STI industrie","og_description":"Cooling Ventilation Contrary to a widespread misconception, a fan does not cool the ambient air; it simply generates an airflow. Due to the energy consumption of its motor, it even emits a certain degree of heat into the spaces. That&#8217;s why its use can be limited. Thus, STI provides you with more effective cooling solutions, [&hellip;]","og_url":"https:\/\/sti-filtration.com\/ventilation-industrielle\/ventilation-rafraichie-2\/","og_site_name":"STI industrie","article_publisher":"https:\/\/www.facebook.com\/sti.tunisie\/","article_modified_time":"2023-12-07T10:51:31+00:00","og_image":[{"width":1920,"height":644,"url":"https:\/\/sti-filtration.com\/wp-content\/uploads\/2023\/10\/industrial-engineer3.jpg","type":"image\/jpeg"}],"twitter_card":"summary_large_image","twitter_misc":{"Est. reading time":"1 minute"},"schema":{"@context":"https:\/\/schema.org","@graph":[{"@type":"WebPage","@id":"https:\/\/sti-filtration.com\/ventilation-industrielle\/ventilation-rafraichie-2\/","url":"https:\/\/sti-filtration.com\/ventilation-industrielle\/ventilation-rafraichie-2\/","name":"Cooling Ventilation - STI industrie","isPartOf":{"@id":"https:\/\/sti-filtration.com\/#website"},"primaryImageOfPage":{"@id":"https:\/\/sti-filtration.com\/ventilation-industrielle\/ventilation-rafraichie-2\/#primaryimage"},"image":{"@id":"https:\/\/sti-filtration.com\/ventilation-industrielle\/ventilation-rafraichie-2\/#primaryimage"},"thumbnailUrl":"https:\/\/sti-filtration.com\/wp-content\/uploads\/2023\/10\/industrial-engineer3.jpg","datePublished":"2023-10-27T10:08:15+00:00","dateModified":"2023-12-07T10:51:31+00:00","breadcrumb":{"@id":"https:\/\/sti-filtration.com\/ventilation-industrielle\/ventilation-rafraichie-2\/#breadcrumb"},"inLanguage":"en-US","potentialAction":[{"@type":"ReadAction","target":["https:\/\/sti-filtration.com\/ventilation-industrielle\/ventilation-rafraichie-2\/"]}]},{"@type":"ImageObject","inLanguage":"en-US","@id":"https:\/\/sti-filtration.com\/ventilation-industrielle\/ventilation-rafraichie-2\/#primaryimage","url":"https:\/\/sti-filtration.com\/wp-content\/uploads\/2023\/10\/industrial-engineer3.jpg","contentUrl":"https:\/\/sti-filtration.com\/wp-content\/uploads\/2023\/10\/industrial-engineer3.jpg","width":1920,"height":644},{"@type":"BreadcrumbList","@id":"https:\/\/sti-filtration.com\/ventilation-industrielle\/ventilation-rafraichie-2\/#breadcrumb","itemListElement":[{"@type":"ListItem","position":1,"name":"Accueil","item":"https:\/\/sti-filtration.com\/"},{"@type":"ListItem","position":2,"name":"Industrial Ventilation","item":"https:\/\/sti-filtration.com\/ventilation-industrielle\/"},{"@type":"ListItem","position":3,"name":"Cooling Ventilation"}]},{"@type":"WebSite","@id":"https:\/\/sti-filtration.com\/#website","url":"https:\/\/sti-filtration.com\/","name":"Sti Filtration","description":"","publisher":{"@id":"https:\/\/sti-filtration.com\/#organization"},"alternateName":"STI","potentialAction":[{"@type":"SearchAction","target":{"@type":"EntryPoint","urlTemplate":"https:\/\/sti-filtration.com\/?s={search_term_string}"},"query-input":"required name=search_term_string"}],"inLanguage":"en-US"},{"@type":"Organization","@id":"https:\/\/sti-filtration.com\/#organization","name":"Sti Filtration","url":"https:\/\/sti-filtration.com\/","logo":{"@type":"ImageObject","inLanguage":"en-US","@id":"https:\/\/sti-filtration.com\/#\/schema\/logo\/image\/","url":"https:\/\/sti-filtration.com\/wp-content\/uploads\/2024\/03\/sigle-STI.jpg","contentUrl":"https:\/\/sti-filtration.com\/wp-content\/uploads\/2024\/03\/sigle-STI.jpg","width":618,"height":206,"caption":"Sti Filtration"},"image":{"@id":"https:\/\/sti-filtration.com\/#\/schema\/logo\/image\/"},"sameAs":["https:\/\/www.facebook.com\/sti.tunisie\/","https:\/\/www.linkedin.com\/company\/sti-filtration\/about\/"]}]}},"_links":{"self":[{"href":"https:\/\/sti-filtration.com\/en\/wp-json\/wp\/v2\/pages\/424"}],"collection":[{"href":"https:\/\/sti-filtration.com\/en\/wp-json\/wp\/v2\/pages"}],"about":[{"href":"https:\/\/sti-filtration.com\/en\/wp-json\/wp\/v2\/types\/page"}],"author":[{"embeddable":true,"href":"https:\/\/sti-filtration.com\/en\/wp-json\/wp\/v2\/users\/1"}],"replies":[{"embeddable":true,"href":"https:\/\/sti-filtration.com\/en\/wp-json\/wp\/v2\/comments?post=424"}],"version-history":[{"count":1,"href":"https:\/\/sti-filtration.com\/en\/wp-json\/wp\/v2\/pages\/424\/revisions"}],"predecessor-version":[{"id":795,"href":"https:\/\/sti-filtration.com\/en\/wp-json\/wp\/v2\/pages\/424\/revisions\/795"}],"up":[{"embeddable":true,"href":"https:\/\/sti-filtration.com\/en\/wp-json\/wp\/v2\/pages\/397"}],"wp:featuredmedia":[{"embeddable":true,"href":"https:\/\/sti-filtration.com\/en\/wp-json\/wp\/v2\/media\/354"}],"wp:attachment":[{"href":"https:\/\/sti-filtration.com\/en\/wp-json\/wp\/v2\/media?parent=424"}],"curies":[{"name":"wp","href":"https:\/\/api.w.org\/{rel}","templated":true}]}}